{"id":4172,"date":"2013-10-16T19:41:10","date_gmt":"2013-10-16T19:41:10","guid":{"rendered":"http:\/\/theme-fusion.com\/avadaxml\/?page_id=4172"},"modified":"2021-05-04T13:35:35","modified_gmt":"2021-05-04T11:35:35","slug":"coming-soon","status":"publish","type":"page","link":"https:\/\/www.anicecommunication.com\/be-fr\/coming-soon\/","title":{"rendered":"Coming Soon"},"content":{"rendered":"<div class=\"fusion-fullwidth fullwidth-box fusion-builder-row-1 nonhundred-percent-fullwidth non-hundred-percent-height-scrolling\" style=\"--awb-background-position:left top;--awb-border-color:#e5e4e4;--awb-border-radius-top-left:0px;--awb-border-radius-top-right:0px;--awb-border-radius-bottom-right:0px;--awb-border-radius-bottom-left:0px;--awb-padding-top:20px;--awb-padding-right:0px;--awb-padding-bottom:15px;--awb-padding-left:0px;--awb-background-color:#f8f8f8;--awb-border-sizes-top:1px;--awb-border-sizes-bottom:1px;--awb-flex-wrap:wrap;\" ><div class=\"fusion-builder-row fusion-row\"><div class=\"fusion-layout-column fusion_builder_column fusion-builder-column-0 fusion_builder_column_1_1 1_1 fusion-one-full fusion-column-first fusion-column-last fusion-column-no-min-height\" style=\"--awb-bg-size:cover;--awb-margin-bottom:0px;\"><div class=\"fusion-column-wrapper fusion-flex-column-wrapper-legacy\"><div class=\"fusion-text fusion-text-1\"><h1 style=\"text-align: center; font-size: 40px !important;\">Coming Soon<\/h1>\n<p style=\"text-align: center; margin-top: -20px;\">Avada includes <span class=\"fusion-tooltip tooltip-shortcode\" data-animation=\"\" data-delay=\"0\" data-placement=\"top\" data-title=\"Versatile!\" title=\"Versatile!\" data-toggle=\"tooltip\" data-trigger=\"hover\"><strong>blank pages<\/strong><\/span> so you can build all kinds of awesome stuff, like a <span class=\"fusion-tooltip tooltip-shortcode\" data-animation=\"\" data-delay=\"0\" data-placement=\"top\" data-title=\"Woo Hoo!\" title=\"Woo Hoo!\" data-toggle=\"tooltip\" data-trigger=\"hover\"><strong>coming soon<\/strong><\/span> page!<\/p>\n<\/div><div class=\"fusion-sep-clear\"><\/div><div class=\"fusion-separator fusion-full-width-sep\" style=\"margin-left: auto;margin-right: auto;margin-top:20px;width:100%;\"><\/div><div class=\"fusion-sep-clear\"><\/div><div class=\"fusion-clearfix\"><\/div><\/div><\/div><div class=\"fusion-layout-column fusion_builder_column fusion-builder-column-1 fusion_builder_column_1_1 1_1 fusion-one-full fusion-column-first fusion-column-last fusion-column-no-min-height\" style=\"--awb-bg-size:cover;--awb-margin-bottom:0px;\"><div class=\"fusion-column-wrapper fusion-flex-column-wrapper-legacy\"><div class=\"fusion-counters-circle counters-circle\" data-animationOffset=\"top-into-view\"><div class=\"counter-circle-wrapper\" style=\"--awb-font-size:57.954545454545px;--awb-size:255px;\" data-originalsize=\"255\"><div class=\"fusion-counter-circle counter-circle counter-circle-content\" data-percent=\"90\" data-countdown=\"\" data-filledcolor=\"rgba(160,206,78,1)\" data-unfilledcolor=\"rgba(227,237,209,1)\" data-scale=\"\" data-size=\"255\" data-speed=\"1500\" data-strokesize=\"12.75\"><div class=\"fusion-counter-circle-content-inner\">DESIGN<\/div><\/div><\/div><div class=\"counter-circle-wrapper\" style=\"--awb-font-size:57.954545454545px;--awb-size:255px;\" data-originalsize=\"255\"><div class=\"fusion-counter-circle counter-circle counter-circle-content\" data-percent=\"85\" data-countdown=\"\" data-filledcolor=\"rgba(160,206,78,1)\" data-unfilledcolor=\"rgba(227,237,209,1)\" data-scale=\"\" data-size=\"255\" data-speed=\"1500\" data-strokesize=\"12.75\"><div class=\"fusion-counter-circle-content-inner\">CODE<\/div><\/div><\/div><div class=\"counter-circle-wrapper\" style=\"--awb-font-size:57.954545454545px;--awb-size:255px;\" data-originalsize=\"255\"><div class=\"fusion-counter-circle counter-circle counter-circle-content\" data-percent=\"90\" data-countdown=\"\" data-filledcolor=\"rgba(160,206,78,1)\" data-unfilledcolor=\"rgba(227,237,209,1)\" data-scale=\"\" data-size=\"255\" data-speed=\"1500\" data-strokesize=\"12.75\"><div class=\"fusion-counter-circle-content-inner\">HTML<\/div><\/div><\/div><div class=\"counter-circle-wrapper\" style=\"--awb-font-size:57.954545454545px;--awb-size:255px;\" data-originalsize=\"255\"><div class=\"fusion-counter-circle counter-circle counter-circle-content\" data-percent=\"100\" data-countdown=\"\" data-filledcolor=\"rgba(160,206,78,1)\" data-unfilledcolor=\"rgba(227,237,209,1)\" data-scale=\"\" data-size=\"255\" data-speed=\"1500\" data-strokesize=\"12.75\"><div class=\"fusion-counter-circle-content-inner\">WP<\/div><\/div><\/div><\/div><div class=\"fusion-clearfix\"><\/div><\/div><\/div><div class=\"fusion-layout-column fusion_builder_column fusion-builder-column-2 fusion_builder_column_1_2 1_2 fusion-one-half fusion-column-first\" style=\"--awb-bg-blend:overlay;--awb-bg-size:cover;width:50%;width:calc(50% - ( ( 4% ) * 0.5 ) );margin-right: 4%;\"><div class=\"fusion-column-wrapper fusion-flex-column-wrapper-legacy\"><div class=\"fusion-title title fusion-title-1 fusion-title-text fusion-title-size-two\"><h2 class=\"fusion-title-heading title-heading-left\" style=\"margin:0;\">Email Me When It&rsquo;s Done<\/h2><span class=\"awb-title-spacer\"><\/span><div class=\"title-sep-container\"><div class=\"title-sep sep-double sep-solid\" style=\"border-color:#e0dede;\"><\/div><\/div><\/div><div class=\"fusion-text fusion-text-2\"><p>This is where a contact form can go. This can eb done with the free Contact Form 7 plugin. \u00a0Install the plugin, then create a form and insert the shortcode for the form here. Like you see below:<\/p>\n<p class=\"wpcf7-contact-form-not-found\"><strong>Erreur\u00a0:<\/strong> Formulaire de contact non trouv\u00e9\u00a0!<\/p>\n<\/div><div class=\"fusion-clearfix\"><\/div><\/div><\/div><div class=\"fusion-layout-column fusion_builder_column fusion-builder-column-3 fusion_builder_column_1_2 1_2 fusion-one-half fusion-column-last\" style=\"--awb-bg-blend:overlay;--awb-bg-size:cover;width:50%;width:calc(50% - ( ( 4% ) * 0.5 ) );\"><div class=\"fusion-column-wrapper fusion-flex-column-wrapper-legacy\"><div class=\"fusion-title title fusion-title-2 fusion-title-text fusion-title-size-two\"><h2 class=\"fusion-title-heading title-heading-left\" style=\"margin:0;\">Our Top Priorities<\/h2><span class=\"awb-title-spacer\"><\/span><div class=\"title-sep-container\"><div class=\"title-sep sep-double sep-solid\" style=\"border-color:#e0dede;\"><\/div><\/div><\/div><ul style=\"--awb-size:13px;--awb-line-height:22.1px;--awb-icon-width:22.1px;--awb-icon-height:22.1px;--awb-icon-margin:9.1px;--awb-content-margin:31.2px;--awb-circlecolor:#67b7e1;--awb-circle-yes-font-size:11.44px;\" class=\"fusion-checklist fusion-checklist-1 fusion-checklist-default type-icons\"><li class=\"fusion-li-item\" style=\"\"><span class=\"icon-wrapper circle-yes\"><i class=\"fusion-li-icon fa fa-check\" aria-hidden=\"true\"><\/i><\/span><div class=\"fusion-li-item-content\">Fully responsive so your content will always look good on any screen size<\/div><\/li><li class=\"fusion-li-item\" style=\"\"><span class=\"icon-wrapper circle-yes\"><i class=\"fusion-li-icon fa fa-check\" aria-hidden=\"true\"><\/i><\/span><div class=\"fusion-li-item-content\">Awesome sliders give you the opportunity to showcase your content<\/div><\/li><li class=\"fusion-li-item\" style=\"\"><span class=\"icon-wrapper circle-yes\"><i class=\"fusion-li-icon fa fa-check\" aria-hidden=\"true\"><\/i><\/span><div class=\"fusion-li-item-content\">Unlimited color options with a backed color picker, including the gradients<\/div><\/li><li class=\"fusion-li-item\" style=\"\"><span class=\"icon-wrapper circle-yes\"><i class=\"fusion-li-icon fa fa-check\" aria-hidden=\"true\"><\/i><\/span><div class=\"fusion-li-item-content\">Multiple layout options for home pages, portfolio and blog section<\/div><\/li><li class=\"fusion-li-item\" style=\"\"><span class=\"icon-wrapper circle-yes\"><i class=\"fusion-li-icon fa fa-check\" aria-hidden=\"true\"><\/i><\/span><div class=\"fusion-li-item-content\">We offer free support because we care about your site as much as you.<\/div><\/li><\/ul><div class=\"fusion-clearfix\"><\/div><\/div><\/div><\/div><\/div>\n","protected":false},"excerpt":{"rendered":"","protected":false},"author":1,"featured_media":0,"parent":0,"menu_order":0,"comment_status":"closed","ping_status":"closed","template":"blank.php","meta":{"footnotes":""},"class_list":["post-4172","page","type-page","status-publish","hentry"],"yoast_head":"<!-- This site is optimized with the Yoast SEO plugin v26.7 - https:\/\/yoast.com\/wordpress\/plugins\/seo\/ -->\n<title>Coming Soon - BE-FR Anice Communication<\/title>\n<meta name=\"description\" content=\"Agence de communication international, bureau de presse, relations publiques, ev\u00e8nements, marketing, web, medias sociaux et SEO \u00e0 Paris, Turin, Francfort, Amsterdam, Madrid, G\u00f6teborg\" \/>\n<meta name=\"robots\" content=\"index, follow, max-snippet:-1, max-image-preview:large, max-video-preview:-1\" \/>\n<link rel=\"canonical\" href=\"https:\/\/www.anicecommunication.com\/be-fr\/coming-soon\/\" \/>\n<meta name=\"twitter:label1\" content=\"Dur\u00e9e de lecture estim\u00e9e\" \/>\n\t<meta name=\"twitter:data1\" content=\"2 minutes\" \/>\n<script type=\"application\/ld+json\" class=\"yoast-schema-graph\">{\"@context\":\"https:\/\/schema.org\",\"@graph\":[{\"@type\":\"WebPage\",\"@id\":\"https:\/\/www.anicecommunication.com\/be-fr\/coming-soon\/\",\"url\":\"https:\/\/www.anicecommunication.com\/be-fr\/coming-soon\/\",\"name\":\"Coming Soon - BE-FR Anice Communication\",\"isPartOf\":{\"@id\":\"https:\/\/www.anicecommunication.com\/be-fr\/#website\"},\"datePublished\":\"2013-10-16T19:41:10+00:00\",\"dateModified\":\"2021-05-04T11:35:35+00:00\",\"description\":\"Agence de communication international, bureau de presse, relations publiques, ev\u00e8nements, marketing, web, medias sociaux et SEO \u00e0 Paris, Turin, Francfort, Amsterdam, Madrid, G\u00f6teborg\",\"breadcrumb\":{\"@id\":\"https:\/\/www.anicecommunication.com\/be-fr\/coming-soon\/#breadcrumb\"},\"inLanguage\":\"fr-FR\",\"potentialAction\":[{\"@type\":\"ReadAction\",\"target\":[\"https:\/\/www.anicecommunication.com\/be-fr\/coming-soon\/\"]}]},{\"@type\":\"BreadcrumbList\",\"@id\":\"https:\/\/www.anicecommunication.com\/be-fr\/coming-soon\/#breadcrumb\",\"itemListElement\":[{\"@type\":\"ListItem\",\"position\":1,\"name\":\"Home\",\"item\":\"https:\/\/www.anicecommunication.com\/be-fr\/\"},{\"@type\":\"ListItem\",\"position\":2,\"name\":\"Coming Soon\"}]},{\"@type\":\"WebSite\",\"@id\":\"https:\/\/www.anicecommunication.com\/be-fr\/#website\",\"url\":\"https:\/\/www.anicecommunication.com\/be-fr\/\",\"name\":\"BE-FR Anice Communication\",\"description\":\"Anicecommunication PR, Press Office, Marketing, Web and Event agency in Italy, France, Benelux and Spain\",\"potentialAction\":[{\"@type\":\"SearchAction\",\"target\":{\"@type\":\"EntryPoint\",\"urlTemplate\":\"https:\/\/www.anicecommunication.com\/be-fr\/?s={search_term_string}\"},\"query-input\":{\"@type\":\"PropertyValueSpecification\",\"valueRequired\":true,\"valueName\":\"search_term_string\"}}],\"inLanguage\":\"fr-FR\"}]}<\/script>\n<!-- \/ Yoast SEO plugin. -->","yoast_head_json":{"title":"Coming Soon - BE-FR Anice Communication","description":"Agence de communication international, bureau de presse, relations publiques, ev\u00e8nements, marketing, web, medias sociaux et SEO \u00e0 Paris, Turin, Francfort, Amsterdam, Madrid, G\u00f6teborg","robots":{"index":"index","follow":"follow","max-snippet":"max-snippet:-1","max-image-preview":"max-image-preview:large","max-video-preview":"max-video-preview:-1"},"canonical":"https:\/\/www.anicecommunication.com\/be-fr\/coming-soon\/","twitter_misc":{"Dur\u00e9e de lecture estim\u00e9e":"2 minutes"},"schema":{"@context":"https:\/\/schema.org","@graph":[{"@type":"WebPage","@id":"https:\/\/www.anicecommunication.com\/be-fr\/coming-soon\/","url":"https:\/\/www.anicecommunication.com\/be-fr\/coming-soon\/","name":"Coming Soon - BE-FR Anice Communication","isPartOf":{"@id":"https:\/\/www.anicecommunication.com\/be-fr\/#website"},"datePublished":"2013-10-16T19:41:10+00:00","dateModified":"2021-05-04T11:35:35+00:00","description":"Agence de communication international, bureau de presse, relations publiques, ev\u00e8nements, marketing, web, medias sociaux et SEO \u00e0 Paris, Turin, Francfort, Amsterdam, Madrid, G\u00f6teborg","breadcrumb":{"@id":"https:\/\/www.anicecommunication.com\/be-fr\/coming-soon\/#breadcrumb"},"inLanguage":"fr-FR","potentialAction":[{"@type":"ReadAction","target":["https:\/\/www.anicecommunication.com\/be-fr\/coming-soon\/"]}]},{"@type":"BreadcrumbList","@id":"https:\/\/www.anicecommunication.com\/be-fr\/coming-soon\/#breadcrumb","itemListElement":[{"@type":"ListItem","position":1,"name":"Home","item":"https:\/\/www.anicecommunication.com\/be-fr\/"},{"@type":"ListItem","position":2,"name":"Coming Soon"}]},{"@type":"WebSite","@id":"https:\/\/www.anicecommunication.com\/be-fr\/#website","url":"https:\/\/www.anicecommunication.com\/be-fr\/","name":"BE-FR Anice Communication","description":"Anicecommunication PR, Press Office, Marketing, Web and Event agency in Italy, France, Benelux and Spain","potentialAction":[{"@type":"SearchAction","target":{"@type":"EntryPoint","urlTemplate":"https:\/\/www.anicecommunication.com\/be-fr\/?s={search_term_string}"},"query-input":{"@type":"PropertyValueSpecification","valueRequired":true,"valueName":"search_term_string"}}],"inLanguage":"fr-FR"}]}},"_links":{"self":[{"href":"https:\/\/www.anicecommunication.com\/be-fr\/wp-json\/wp\/v2\/pages\/4172","targetHints":{"allow":["GET"]}}],"collection":[{"href":"https:\/\/www.anicecommunication.com\/be-fr\/wp-json\/wp\/v2\/pages"}],"about":[{"href":"https:\/\/www.anicecommunication.com\/be-fr\/wp-json\/wp\/v2\/types\/page"}],"author":[{"embeddable":true,"href":"https:\/\/www.anicecommunication.com\/be-fr\/wp-json\/wp\/v2\/users\/1"}],"replies":[{"embeddable":true,"href":"https:\/\/www.anicecommunication.com\/be-fr\/wp-json\/wp\/v2\/comments?post=4172"}],"version-history":[{"count":2,"href":"https:\/\/www.anicecommunication.com\/be-fr\/wp-json\/wp\/v2\/pages\/4172\/revisions"}],"predecessor-version":[{"id":14459,"href":"https:\/\/www.anicecommunication.com\/be-fr\/wp-json\/wp\/v2\/pages\/4172\/revisions\/14459"}],"wp:attachment":[{"href":"https:\/\/www.anicecommunication.com\/be-fr\/wp-json\/wp\/v2\/media?parent=4172"}],"curies":[{"name":"wp","href":"https:\/\/api.w.org\/{rel}","templated":true}]}}