{"id":12830,"date":"2015-06-04T10:30:28","date_gmt":"2015-06-04T08:30:28","guid":{"rendered":"http:\/\/www.anicecommunication.com\/es\/?page_id=12830"},"modified":"2021-05-04T14:31:47","modified_gmt":"2021-05-04T12:31:47","slug":"top-footer","status":"publish","type":"page","link":"https:\/\/www.anicecommunication.com\/es\/top-footer\/","title":{"rendered":"Top Footer"},"content":{"rendered":"<div class=\"fusion-fullwidth fullwidth-box fusion-builder-row-1 nonhundred-percent-fullwidth non-hundred-percent-height-scrolling\" style=\"--awb-background-position:left top;--awb-border-radius-top-left:0px;--awb-border-radius-top-right:0px;--awb-border-radius-bottom-right:0px;--awb-border-radius-bottom-left:0px;--awb-padding-top:20px;--awb-padding-right:0px;--awb-padding-bottom:20px;--awb-padding-left:0px;--awb-border-sizes-top:0px;--awb-border-sizes-bottom:0px;--awb-flex-wrap:wrap;\" ><div class=\"fusion-builder-row fusion-row\"><div class=\"fusion-layout-column fusion_builder_column fusion-builder-column-0 fusion_builder_column_1_2 1_2 fusion-one-half fusion-column-first\" style=\"--awb-bg-size:cover;width:48%; margin-right: 4%;\"><div class=\"fusion-column-wrapper fusion-flex-column-wrapper-legacy\"><div class=\"accordian fusion-accordian\" style=\"--awb-border-size:1px;--awb-icon-size:13px;--awb-content-font-size:16px;--awb-icon-alignment:left;--awb-hover-color:#f9f9f9;--awb-border-color:#cccccc;--awb-background-color:#ffffff;--awb-divider-color:#e0dede;--awb-divider-hover-color:#e0dede;--awb-icon-color:#ffffff;--awb-title-color:#333333;--awb-content-color:#747474;--awb-icon-box-color:#333333;--awb-toggle-hover-accent-color:#00aae8;--awb-title-font-family:&quot;Calibri&quot;;--awb-title-font-weight:400;--awb-title-font-style:normal;--awb-title-font-size:13px;--awb-content-font-family:&quot;Calibri&quot;;--awb-content-font-style:normal;--awb-content-font-weight:400;\"><div class=\"panel-group fusion-toggle-icon-boxed\" id=\"accordion-12830-1\"><div class=\"fusion-panel panel-default panel-8b8dfdec3e11c2812 fusion-toggle-has-divider\"><div class=\"panel-heading\"><h4 class=\"panel-title toggle\" id=\"toggle_8b8dfdec3e11c2812\"><a class=\"active\" aria-expanded=\"true\" aria-controls=\"8b8dfdec3e11c2812\" role=\"button\" data-toggle=\"collapse\" data-parent=\"#accordion-12830-1\" data-target=\"#8b8dfdec3e11c2812\" href=\"#8b8dfdec3e11c2812\"><span class=\"fusion-toggle-icon-wrapper\" aria-hidden=\"true\"><i class=\"fa-fusion-box active-icon awb-icon-minus\" aria-hidden=\"true\"><\/i><i class=\"fa-fusion-box inactive-icon awb-icon-plus\" aria-hidden=\"true\"><\/i><\/span><span class=\"fusion-toggle-heading\">Nuestra misi\u00f3n<\/span><\/a><\/h4><\/div><div id=\"8b8dfdec3e11c2812\" class=\"panel-collapse collapse in\" aria-labelledby=\"toggle_8b8dfdec3e11c2812\"><div class=\"panel-body toggle-content fusion-clearfix\">\n<ul>\n<li>Creamos y manejamos contenido y sabemos qu\u00e9 decir.<\/li>\n<\/ul>\n<\/div><\/div><\/div><div class=\"fusion-panel panel-default panel-490bfb914c3078e35 fusion-toggle-has-divider\"><div class=\"panel-heading\"><h4 class=\"panel-title toggle\" id=\"toggle_490bfb914c3078e35\"><a aria-expanded=\"false\" aria-controls=\"490bfb914c3078e35\" role=\"button\" data-toggle=\"collapse\" data-parent=\"#accordion-12830-1\" data-target=\"#490bfb914c3078e35\" href=\"#490bfb914c3078e35\"><span class=\"fusion-toggle-icon-wrapper\" aria-hidden=\"true\"><i class=\"fa-fusion-box active-icon awb-icon-minus\" aria-hidden=\"true\"><\/i><i class=\"fa-fusion-box inactive-icon awb-icon-plus\" aria-hidden=\"true\"><\/i><\/span><span class=\"fusion-toggle-heading\">Nuestra filosof\u00eda<\/span><\/a><\/h4><\/div><div id=\"490bfb914c3078e35\" class=\"panel-collapse collapse \" aria-labelledby=\"toggle_490bfb914c3078e35\"><div class=\"panel-body toggle-content fusion-clearfix\">\n<ul>\n<li>Disponibles cuando sea necesario.<\/li>\n<\/ul>\n<\/div><\/div><\/div><div class=\"fusion-panel panel-default panel-93ad32b7066dfa0ca fusion-toggle-has-divider\"><div class=\"panel-heading\"><h4 class=\"panel-title toggle\" id=\"toggle_93ad32b7066dfa0ca\"><a aria-expanded=\"false\" aria-controls=\"93ad32b7066dfa0ca\" role=\"button\" data-toggle=\"collapse\" data-parent=\"#accordion-12830-1\" data-target=\"#93ad32b7066dfa0ca\" href=\"#93ad32b7066dfa0ca\"><span class=\"fusion-toggle-icon-wrapper\" aria-hidden=\"true\"><i class=\"fa-fusion-box active-icon awb-icon-minus\" aria-hidden=\"true\"><\/i><i class=\"fa-fusion-box inactive-icon awb-icon-plus\" aria-hidden=\"true\"><\/i><\/span><span class=\"fusion-toggle-heading\">Nuestras promesas<\/span><\/a><\/h4><\/div><div id=\"93ad32b7066dfa0ca\" class=\"panel-collapse collapse \" aria-labelledby=\"toggle_93ad32b7066dfa0ca\"><div class=\"panel-body toggle-content fusion-clearfix\">\n<ul>\n<li>Comunicar y promover, online y offline, empresas, marcas, productos y servicios.<\/li>\n<\/ul>\n<\/div><\/div><\/div><\/div><\/div><div class=\"fusion-clearfix\"><\/div><\/div><\/div><div class=\"fusion-layout-column fusion_builder_column fusion-builder-column-1 fusion_builder_column_1_2 1_2 fusion-one-half fusion-column-last\" style=\"--awb-bg-size:cover;width:48%;\"><div class=\"fusion-column-wrapper fusion-flex-column-wrapper-legacy\"><div class=\"fusion-text fusion-text-1\"><div class=\"fusion-tabs fusion-tabs-1 classic nav-is-justified horizontal-tabs icon-position-left mobile-mode-accordion\" style=\"--awb-title-border-radius-top-left:0px;--awb-title-border-radius-top-right:0px;--awb-title-border-radius-bottom-right:0px;--awb-title-border-radius-bottom-left:0px;--awb-inactive-color:#ebeaea;--awb-background-color:#ffffff;--awb-border-color:#ebeaea;--awb-active-border-color:#00aae8;\"><div class=\"nav\"><ul class=\"nav-tabs nav-justified\" role=\"tablist\"><li class=\"active\" role=\"presentation\"><a class=\"tab-link\" data-toggle=\"tab\" role=\"tab\" aria-controls=\"tab-a7ff9fc565de40a2bc8\" aria-selected=\"true\" id=\"fusion-tab-servicios\" href=\"#tab-a7ff9fc565de40a2bc8\"><h4 class=\"fusion-tab-heading\">Servicios<\/h4><\/a><\/li><li role=\"presentation\"><a class=\"tab-link\" data-toggle=\"tab\" role=\"tab\" aria-controls=\"tab-bf09eaa0df5924c53d2\" aria-selected=\"false\" tabindex=\"-1\" id=\"fusion-tab-cuentos\" href=\"#tab-bf09eaa0df5924c53d2\"><h4 class=\"fusion-tab-heading\">Cuentos<\/h4><\/a><\/li><li role=\"presentation\"><a class=\"tab-link\" data-toggle=\"tab\" role=\"tab\" aria-controls=\"tab-939cdd4629452857a10\" aria-selected=\"false\" tabindex=\"-1\" id=\"fusion-tab-eventos\" href=\"#tab-939cdd4629452857a10\"><h4 class=\"fusion-tab-heading\">Eventos<\/h4><\/a><\/li><\/ul><\/div><div class=\"tab-content\"><div class=\"nav fusion-mobile-tab-nav\"><ul class=\"nav-tabs nav-justified\" role=\"tablist\"><li class=\"active\" role=\"presentation\"><a class=\"tab-link\" data-toggle=\"tab\" role=\"tab\" aria-controls=\"tab-a7ff9fc565de40a2bc8\" aria-selected=\"true\" id=\"mobile-fusion-tab-servicios\" href=\"#tab-a7ff9fc565de40a2bc8\"><h4 class=\"fusion-tab-heading\">Servicios<\/h4><\/a><\/li><\/ul><\/div><div class=\"tab-pane fade fusion-clearfix in active\" role=\"tabpanel\" tabindex=\"0\" aria-labelledby=\"fusion-tab-servicios\" id=\"tab-a7ff9fc565de40a2bc8\">\n<div class=\"fusion-post-slider fusion-flexslider fusion-flexslider-loading flexslider-posts-with-excerpt\"><ul class=\"slides\"><li><a href=\"https:\/\/www.anicecommunication.com\/es\/gran-premio-petronas-urania-truck\/\" aria-label=\"Petronas\"><img decoding=\"async\" width=\"1225\" height=\"1080\" class=\"wp-image-14007\" src=\"https:\/\/www.anicecommunication.com\/es\/wp-content\/uploads\/sites\/5\/2018\/07\/petronas21JPG.jpg\" alt=\"Petronas &amp; Anicecommunication\" srcset=\"https:\/\/www.anicecommunication.com\/es\/wp-content\/uploads\/sites\/5\/2018\/07\/petronas21JPG-200x176.jpg 200w, https:\/\/www.anicecommunication.com\/es\/wp-content\/uploads\/sites\/5\/2018\/07\/petronas21JPG-400x353.jpg 400w, https:\/\/www.anicecommunication.com\/es\/wp-content\/uploads\/sites\/5\/2018\/07\/petronas21JPG-600x529.jpg 600w, https:\/\/www.anicecommunication.com\/es\/wp-content\/uploads\/sites\/5\/2018\/07\/petronas21JPG-800x705.jpg 800w, https:\/\/www.anicecommunication.com\/es\/wp-content\/uploads\/sites\/5\/2018\/07\/petronas21JPG-1200x1058.jpg 1200w, https:\/\/www.anicecommunication.com\/es\/wp-content\/uploads\/sites\/5\/2018\/07\/petronas21JPG.jpg 1225w\" sizes=\"(max-width: 800px) 100vw, 600px\" \/><\/a><div class=\"slide-excerpt\"><div class=\"excerpt-container\"><h2><a href=\"https:\/\/www.anicecommunication.com\/es\/gran-premio-petronas-urania-truck\/\">Petronas<\/a><\/h2><p><\/p><p>Oficina de prensa y Relaciones P\u00fablicas para el Gran Premio Petronas Urania Truck  [\u2026]<\/p>\n<\/div><\/div><\/li><li><a href=\"https:\/\/www.anicecommunication.com\/es\/seo\/\" aria-label=\"Kawasaki Europe SEO\"><img decoding=\"async\" width=\"1440\" height=\"1080\" class=\"wp-image-13738\" src=\"https:\/\/www.anicecommunication.com\/es\/wp-content\/uploads\/sites\/5\/2016\/08\/Kawasaki_seo1.jpg\" alt=\"\" srcset=\"https:\/\/www.anicecommunication.com\/es\/wp-content\/uploads\/sites\/5\/2016\/08\/Kawasaki_seo1-200x150.jpg 200w, https:\/\/www.anicecommunication.com\/es\/wp-content\/uploads\/sites\/5\/2016\/08\/Kawasaki_seo1-400x300.jpg 400w, https:\/\/www.anicecommunication.com\/es\/wp-content\/uploads\/sites\/5\/2016\/08\/Kawasaki_seo1-600x450.jpg 600w, https:\/\/www.anicecommunication.com\/es\/wp-content\/uploads\/sites\/5\/2016\/08\/Kawasaki_seo1-800x600.jpg 800w, https:\/\/www.anicecommunication.com\/es\/wp-content\/uploads\/sites\/5\/2016\/08\/Kawasaki_seo1-1200x900.jpg 1200w, https:\/\/www.anicecommunication.com\/es\/wp-content\/uploads\/sites\/5\/2016\/08\/Kawasaki_seo1.jpg 1440w\" sizes=\"(max-width: 800px) 100vw, 600px\" \/><\/a><div class=\"slide-excerpt\"><div class=\"excerpt-container\"><h2><a href=\"https:\/\/www.anicecommunication.com\/es\/seo\/\">Kawasaki Europe SEO<\/a><\/h2><p><\/p><p>Servicios de SEO para Kawasaki Europe (plataforma web de 22 pa\u00edses  [\u2026]<\/p>\n<\/div><\/div><\/li><li><a href=\"https:\/\/www.anicecommunication.com\/es\/revista-jeep-7\/\" aria-label=\"Jeep Revista  \u00ab7\u00bb\"><img decoding=\"async\" width=\"744\" height=\"957\" class=\"wp-image-13627\" src=\"https:\/\/www.anicecommunication.com\/es\/wp-content\/uploads\/sites\/5\/2016\/06\/JEEP_00.jpg\" alt=\"\" srcset=\"https:\/\/www.anicecommunication.com\/es\/wp-content\/uploads\/sites\/5\/2016\/06\/JEEP_00-200x257.jpg 200w, https:\/\/www.anicecommunication.com\/es\/wp-content\/uploads\/sites\/5\/2016\/06\/JEEP_00-400x515.jpg 400w, https:\/\/www.anicecommunication.com\/es\/wp-content\/uploads\/sites\/5\/2016\/06\/JEEP_00-600x772.jpg 600w, https:\/\/www.anicecommunication.com\/es\/wp-content\/uploads\/sites\/5\/2016\/06\/JEEP_00.jpg 744w\" sizes=\"(max-width: 800px) 100vw, 600px\" \/><\/a><div class=\"slide-excerpt\"><div class=\"excerpt-container\"><h2><a href=\"https:\/\/www.anicecommunication.com\/es\/revista-jeep-7\/\">Jeep Revista  \u00ab7\u00bb<\/a><\/h2><p><\/p><p>Traducci\u00f3n, redacci\u00f3n y localizaci\u00f3n editorial de la revista Jeep \u00ab7\u00bb\u00a0  [\u2026]<\/p>\n<\/div><\/div><\/li><\/ul><\/div>\n<\/div><div class=\"nav fusion-mobile-tab-nav\"><ul class=\"nav-tabs nav-justified\" role=\"tablist\"><li role=\"presentation\"><a class=\"tab-link\" data-toggle=\"tab\" role=\"tab\" aria-controls=\"tab-bf09eaa0df5924c53d2\" aria-selected=\"false\" tabindex=\"-1\" id=\"mobile-fusion-tab-cuentos\" href=\"#tab-bf09eaa0df5924c53d2\"><h4 class=\"fusion-tab-heading\">Cuentos<\/h4><\/a><\/li><\/ul><\/div><div class=\"tab-pane fade fusion-clearfix\" role=\"tabpanel\" tabindex=\"0\" aria-labelledby=\"fusion-tab-servicios\" id=\"tab-bf09eaa0df5924c53d2\">\n<div class=\"fusion-post-slider fusion-flexslider fusion-flexslider-loading flexslider-posts-with-excerpt\"><ul class=\"slides\"><li><a href=\"https:\/\/www.anicecommunication.com\/es\/last-cop-pagina-facebook\/\" aria-label=\"Last Cop P\u00e1gina de Facebook\"><img decoding=\"async\" width=\"625\" height=\"364\" class=\"wp-image-13725\" src=\"https:\/\/www.anicecommunication.com\/es\/wp-content\/uploads\/sites\/5\/2016\/08\/Last_cop1.jpg\" alt=\"\" srcset=\"https:\/\/www.anicecommunication.com\/es\/wp-content\/uploads\/sites\/5\/2016\/08\/Last_cop1-200x116.jpg 200w, https:\/\/www.anicecommunication.com\/es\/wp-content\/uploads\/sites\/5\/2016\/08\/Last_cop1-400x233.jpg 400w, https:\/\/www.anicecommunication.com\/es\/wp-content\/uploads\/sites\/5\/2016\/08\/Last_cop1-600x349.jpg 600w, https:\/\/www.anicecommunication.com\/es\/wp-content\/uploads\/sites\/5\/2016\/08\/Last_cop1.jpg 625w\" sizes=\"(max-width: 800px) 100vw, 600px\" \/><\/a><div class=\"slide-excerpt\"><div class=\"excerpt-container\"><h2><a href=\"https:\/\/www.anicecommunication.com\/es\/last-cop-pagina-facebook\/\">Last Cop P\u00e1gina de Facebook<\/a><\/h2><p><\/p><p>Creaci\u00f3n y gesti\u00f3n de la p\u00e1gina de Facebook dedicada a los aficionados italianos de la serie  [\u2026]<\/p>\n<\/div><\/div><\/li><li><a href=\"https:\/\/www.anicecommunication.com\/es\/arctic-experience\/\" aria-label=\"Arctic Experience\"><img decoding=\"async\" width=\"800\" height=\"1067\" class=\"wp-image-13058\" src=\"https:\/\/www.anicecommunication.com\/es\/wp-content\/uploads\/sites\/5\/2015\/07\/08_01_event_saab_ice.jpg\" alt=\"event saab ice\" srcset=\"https:\/\/www.anicecommunication.com\/es\/wp-content\/uploads\/sites\/5\/2015\/07\/08_01_event_saab_ice-225x300.jpg 225w, https:\/\/www.anicecommunication.com\/es\/wp-content\/uploads\/sites\/5\/2015\/07\/08_01_event_saab_ice-768x1024.jpg 768w, https:\/\/www.anicecommunication.com\/es\/wp-content\/uploads\/sites\/5\/2015\/07\/08_01_event_saab_ice.jpg 800w\" sizes=\"(max-width: 800px) 100vw, 800px\" \/><\/a><div class=\"slide-excerpt\"><div class=\"excerpt-container\"><h2><a href=\"https:\/\/www.anicecommunication.com\/es\/arctic-experience\/\">Arctic Experience<\/a><\/h2><p><\/p><p>Saab Arctic Experience con medios de comunicaci\u00f3n italianos.\u00a0  [\u2026]<\/p>\n<\/div><\/div><\/li><li><a href=\"https:\/\/www.anicecommunication.com\/es\/salon-automovil-de-ginebra\/\" aria-label=\"Sal\u00f3n Autom\u00f3vil de Ginebra\"><img decoding=\"async\" width=\"1620\" height=\"1080\" class=\"wp-image-12982\" src=\"https:\/\/www.anicecommunication.com\/es\/wp-content\/uploads\/sites\/5\/2015\/07\/001_qoros.jpg\" alt=\"\" srcset=\"https:\/\/www.anicecommunication.com\/es\/wp-content\/uploads\/sites\/5\/2015\/07\/001_qoros-300x200.jpg 300w, https:\/\/www.anicecommunication.com\/es\/wp-content\/uploads\/sites\/5\/2015\/07\/001_qoros-1024x683.jpg 1024w, https:\/\/www.anicecommunication.com\/es\/wp-content\/uploads\/sites\/5\/2015\/07\/001_qoros.jpg 1620w\" sizes=\"(max-width: 1620px) 100vw, 1620px\" \/><\/a><div class=\"slide-excerpt\"><div class=\"excerpt-container\"><h2><a href=\"https:\/\/www.anicecommunication.com\/es\/salon-automovil-de-ginebra\/\">Sal\u00f3n Autom\u00f3vil de Ginebra<\/a><\/h2><p><\/p><p>Sal\u00f3n Autom\u00f3vil de Ginebra: medios de comunicaci\u00f3n italianos en el stand de Qoros Auto.\u00a0  [\u2026]<\/p>\n<\/div><\/div><\/li><\/ul><\/div>\n<\/div><div class=\"nav fusion-mobile-tab-nav\"><ul class=\"nav-tabs nav-justified\" role=\"tablist\"><li role=\"presentation\"><a class=\"tab-link\" data-toggle=\"tab\" role=\"tab\" aria-controls=\"tab-939cdd4629452857a10\" aria-selected=\"false\" tabindex=\"-1\" id=\"mobile-fusion-tab-eventos\" href=\"#tab-939cdd4629452857a10\"><h4 class=\"fusion-tab-heading\">Eventos<\/h4><\/a><\/li><\/ul><\/div><div class=\"tab-pane fade fusion-clearfix\" role=\"tabpanel\" tabindex=\"0\" aria-labelledby=\"fusion-tab-servicios\" id=\"tab-939cdd4629452857a10\">\n<div class=\"fusion-post-slider fusion-flexslider fusion-flexslider-loading flexslider-posts-with-excerpt\"><ul class=\"slides\"><li><a href=\"https:\/\/www.anicecommunication.com\/es\/techrules-ren-monza\/\" aria-label=\"TechRules REN en Monza\"><img decoding=\"async\" width=\"1620\" height=\"1080\" class=\"wp-image-13863\" src=\"https:\/\/www.anicecommunication.com\/es\/wp-content\/uploads\/sites\/5\/2017\/07\/Techrules_REN_Geneva_2017_027.jpg\" alt=\"\" srcset=\"https:\/\/www.anicecommunication.com\/es\/wp-content\/uploads\/sites\/5\/2017\/07\/Techrules_REN_Geneva_2017_027-200x133.jpg 200w, https:\/\/www.anicecommunication.com\/es\/wp-content\/uploads\/sites\/5\/2017\/07\/Techrules_REN_Geneva_2017_027-400x267.jpg 400w, https:\/\/www.anicecommunication.com\/es\/wp-content\/uploads\/sites\/5\/2017\/07\/Techrules_REN_Geneva_2017_027-600x400.jpg 600w, https:\/\/www.anicecommunication.com\/es\/wp-content\/uploads\/sites\/5\/2017\/07\/Techrules_REN_Geneva_2017_027-800x533.jpg 800w, https:\/\/www.anicecommunication.com\/es\/wp-content\/uploads\/sites\/5\/2017\/07\/Techrules_REN_Geneva_2017_027-1200x800.jpg 1200w, https:\/\/www.anicecommunication.com\/es\/wp-content\/uploads\/sites\/5\/2017\/07\/Techrules_REN_Geneva_2017_027.jpg 1620w\" sizes=\"(max-width: 800px) 100vw, 600px\" \/><\/a><div class=\"slide-excerpt\"><div class=\"excerpt-container\"><h2><a href=\"https:\/\/www.anicecommunication.com\/es\/techrules-ren-monza\/\">TechRules REN en Monza<\/a><\/h2><p><\/p><p>Apoyo log\u00edstico operativo durante la prueba de TechRules REN en Monza.  [\u2026]<\/p>\n<\/div><\/div><\/li><li><a href=\"https:\/\/www.anicecommunication.com\/es\/milano-fashion-week\/\" aria-label=\"Milano Fashion Week\"><img decoding=\"async\" width=\"800\" height=\"601\" class=\"wp-image-13120\" src=\"https:\/\/www.anicecommunication.com\/es\/wp-content\/uploads\/sites\/5\/2015\/07\/14_event_saab_fashionweek.jpg\" alt=\"\" srcset=\"https:\/\/www.anicecommunication.com\/es\/wp-content\/uploads\/sites\/5\/2015\/07\/14_event_saab_fashionweek-300x225.jpg 300w, https:\/\/www.anicecommunication.com\/es\/wp-content\/uploads\/sites\/5\/2015\/07\/14_event_saab_fashionweek.jpg 800w\" sizes=\"(max-width: 800px) 100vw, 800px\" \/><\/a><div class=\"slide-excerpt\"><div class=\"excerpt-container\"><h2><a href=\"https:\/\/www.anicecommunication.com\/es\/milano-fashion-week\/\">Milano Fashion Week<\/a><\/h2><p><\/p><p>Milano Fashion Week Design: veh\u00edculo de cortes\u00eda para los medios de comunicaci\u00f3n  [\u2026]<\/p>\n<\/div><\/div><\/li><li><a href=\"https:\/\/www.anicecommunication.com\/es\/lions-club\/\" aria-label=\"Lions Club Matera\"><img decoding=\"async\" width=\"800\" height=\"449\" class=\"wp-image-13173\" src=\"https:\/\/www.anicecommunication.com\/es\/wp-content\/uploads\/sites\/5\/2015\/07\/23_event_lions_matera5.jpg\" alt=\"lions matera\" srcset=\"https:\/\/www.anicecommunication.com\/es\/wp-content\/uploads\/sites\/5\/2015\/07\/23_event_lions_matera5-300x168.jpg 300w, https:\/\/www.anicecommunication.com\/es\/wp-content\/uploads\/sites\/5\/2015\/07\/23_event_lions_matera5.jpg 800w\" sizes=\"(max-width: 800px) 100vw, 800px\" \/><\/a><div class=\"slide-excerpt\"><div class=\"excerpt-container\"><h2><a href=\"https:\/\/www.anicecommunication.com\/es\/lions-club\/\">Lions Club Matera<\/a><\/h2><p><\/p><p>Lions Club de Matera XV Conferencia de Invierno.\u00a0  [\u2026]<\/p>\n<\/div><\/div><\/li><\/ul><\/div>\n<\/div><\/div><\/div>\n<\/div><div class=\"fusion-clearfix\"><\/div><\/div><\/div><\/div><\/div>\n","protected":false},"excerpt":{"rendered":"","protected":false},"author":1,"featured_media":0,"parent":0,"menu_order":0,"comment_status":"closed","ping_status":"open","template":"","meta":{"footnotes":""},"class_list":["post-12830","page","type-page","status-publish","hentry"],"yoast_head":"<!-- This site is optimized with the Yoast SEO plugin v26.7 - https:\/\/yoast.com\/wordpress\/plugins\/seo\/ -->\n<title>Top Footer - ES Anice Communication<\/title>\n<meta name=\"description\" content=\"Agencia de comunicaci\u00f3n integrada en Europa - Italia (Tur\u00edn), Espa\u00f1a (Madrid), Alemania (Frankfurt), Francia (Paris), Benelux (Amsterdam), Suecia (Ljungskile)\" \/>\n<meta name=\"robots\" content=\"index, follow, max-snippet:-1, max-image-preview:large, max-video-preview:-1\" \/>\n<link rel=\"canonical\" href=\"https:\/\/www.anicecommunication.com\/es\/top-footer\/\" \/>\n<meta name=\"twitter:label1\" content=\"Tiempo de lectura\" \/>\n\t<meta name=\"twitter:data1\" content=\"1 minuto\" \/>\n<script type=\"application\/ld+json\" class=\"yoast-schema-graph\">{\"@context\":\"https:\/\/schema.org\",\"@graph\":[{\"@type\":\"WebPage\",\"@id\":\"https:\/\/www.anicecommunication.com\/es\/top-footer\/\",\"url\":\"https:\/\/www.anicecommunication.com\/es\/top-footer\/\",\"name\":\"Top Footer - ES Anice Communication\",\"isPartOf\":{\"@id\":\"https:\/\/www.anicecommunication.com\/es\/#website\"},\"datePublished\":\"2015-06-04T08:30:28+00:00\",\"dateModified\":\"2021-05-04T12:31:47+00:00\",\"description\":\"Agencia de comunicaci\u00f3n integrada en Europa - Italia (Tur\u00edn), Espa\u00f1a (Madrid), Alemania (Frankfurt), Francia (Paris), Benelux (Amsterdam), Suecia (Ljungskile)\",\"breadcrumb\":{\"@id\":\"https:\/\/www.anicecommunication.com\/es\/top-footer\/#breadcrumb\"},\"inLanguage\":\"es\",\"potentialAction\":[{\"@type\":\"ReadAction\",\"target\":[\"https:\/\/www.anicecommunication.com\/es\/top-footer\/\"]}]},{\"@type\":\"BreadcrumbList\",\"@id\":\"https:\/\/www.anicecommunication.com\/es\/top-footer\/#breadcrumb\",\"itemListElement\":[{\"@type\":\"ListItem\",\"position\":1,\"name\":\"Home\",\"item\":\"https:\/\/www.anicecommunication.com\/es\/\"},{\"@type\":\"ListItem\",\"position\":2,\"name\":\"Top Footer\"}]},{\"@type\":\"WebSite\",\"@id\":\"https:\/\/www.anicecommunication.com\/es\/#website\",\"url\":\"https:\/\/www.anicecommunication.com\/es\/\",\"name\":\"ES Anice Communication\",\"description\":\"Anicecommunication PR, Press Office, Marketing, Web and Event agency in Italy, France, Benelux and Spain\",\"potentialAction\":[{\"@type\":\"SearchAction\",\"target\":{\"@type\":\"EntryPoint\",\"urlTemplate\":\"https:\/\/www.anicecommunication.com\/es\/?s={search_term_string}\"},\"query-input\":{\"@type\":\"PropertyValueSpecification\",\"valueRequired\":true,\"valueName\":\"search_term_string\"}}],\"inLanguage\":\"es\"}]}<\/script>\n<!-- \/ Yoast SEO plugin. -->","yoast_head_json":{"title":"Top Footer - ES Anice Communication","description":"Agencia de comunicaci\u00f3n integrada en Europa - Italia (Tur\u00edn), Espa\u00f1a (Madrid), Alemania (Frankfurt), Francia (Paris), Benelux (Amsterdam), Suecia (Ljungskile)","robots":{"index":"index","follow":"follow","max-snippet":"max-snippet:-1","max-image-preview":"max-image-preview:large","max-video-preview":"max-video-preview:-1"},"canonical":"https:\/\/www.anicecommunication.com\/es\/top-footer\/","twitter_misc":{"Tiempo de lectura":"1 minuto"},"schema":{"@context":"https:\/\/schema.org","@graph":[{"@type":"WebPage","@id":"https:\/\/www.anicecommunication.com\/es\/top-footer\/","url":"https:\/\/www.anicecommunication.com\/es\/top-footer\/","name":"Top Footer - ES Anice Communication","isPartOf":{"@id":"https:\/\/www.anicecommunication.com\/es\/#website"},"datePublished":"2015-06-04T08:30:28+00:00","dateModified":"2021-05-04T12:31:47+00:00","description":"Agencia de comunicaci\u00f3n integrada en Europa - Italia (Tur\u00edn), Espa\u00f1a (Madrid), Alemania (Frankfurt), Francia (Paris), Benelux (Amsterdam), Suecia (Ljungskile)","breadcrumb":{"@id":"https:\/\/www.anicecommunication.com\/es\/top-footer\/#breadcrumb"},"inLanguage":"es","potentialAction":[{"@type":"ReadAction","target":["https:\/\/www.anicecommunication.com\/es\/top-footer\/"]}]},{"@type":"BreadcrumbList","@id":"https:\/\/www.anicecommunication.com\/es\/top-footer\/#breadcrumb","itemListElement":[{"@type":"ListItem","position":1,"name":"Home","item":"https:\/\/www.anicecommunication.com\/es\/"},{"@type":"ListItem","position":2,"name":"Top Footer"}]},{"@type":"WebSite","@id":"https:\/\/www.anicecommunication.com\/es\/#website","url":"https:\/\/www.anicecommunication.com\/es\/","name":"ES Anice Communication","description":"Anicecommunication PR, Press Office, Marketing, Web and Event agency in Italy, France, Benelux and Spain","potentialAction":[{"@type":"SearchAction","target":{"@type":"EntryPoint","urlTemplate":"https:\/\/www.anicecommunication.com\/es\/?s={search_term_string}"},"query-input":{"@type":"PropertyValueSpecification","valueRequired":true,"valueName":"search_term_string"}}],"inLanguage":"es"}]}},"_links":{"self":[{"href":"https:\/\/www.anicecommunication.com\/es\/wp-json\/wp\/v2\/pages\/12830","targetHints":{"allow":["GET"]}}],"collection":[{"href":"https:\/\/www.anicecommunication.com\/es\/wp-json\/wp\/v2\/pages"}],"about":[{"href":"https:\/\/www.anicecommunication.com\/es\/wp-json\/wp\/v2\/types\/page"}],"author":[{"embeddable":true,"href":"https:\/\/www.anicecommunication.com\/es\/wp-json\/wp\/v2\/users\/1"}],"replies":[{"embeddable":true,"href":"https:\/\/www.anicecommunication.com\/es\/wp-json\/wp\/v2\/comments?post=12830"}],"version-history":[{"count":21,"href":"https:\/\/www.anicecommunication.com\/es\/wp-json\/wp\/v2\/pages\/12830\/revisions"}],"predecessor-version":[{"id":14188,"href":"https:\/\/www.anicecommunication.com\/es\/wp-json\/wp\/v2\/pages\/12830\/revisions\/14188"}],"wp:attachment":[{"href":"https:\/\/www.anicecommunication.com\/es\/wp-json\/wp\/v2\/media?parent=12830"}],"curies":[{"name":"wp","href":"https:\/\/api.w.org\/{rel}","templated":true}]}}